{"id":14,"date":"2025-04-10T11:29:32","date_gmt":"2025-04-10T11:29:32","guid":{"rendered":"https:\/\/waescherei-altengamme.de\/?page_id=14"},"modified":"2025-05-14T10:54:41","modified_gmt":"2025-05-14T10:54:41","slug":"ueber-unsere-waescherei","status":"publish","type":"page","link":"https:\/\/waescherei-altengamme.de\/?page_id=14","title":{"rendered":"\u00dcber uns"},"content":{"rendered":"\t\t<div data-elementor-type=\"wp-page\" data-elementor-id=\"14\" class=\"elementor elementor-14\">\n\t\t\t\t<div class=\"elementor-element elementor-element-175672e7 e-flex e-con-boxed e-con e-parent\" data-id=\"175672e7\" data-element_type=\"container\" data-e-type=\"container\" data-settings=\"{&quot;background_background&quot;:&quot;classic&quot;}\">\n\t\t\t\t\t<div class=\"e-con-inner\">\n\t\t\t\t<div class=\"elementor-element elementor-element-25b5898f elementor-widget elementor-widget-text-editor\" data-id=\"25b5898f\" data-element_type=\"widget\" data-e-type=\"widget\" data-widget_type=\"text-editor.default\">\n\t\t\t\t<div class=\"elementor-widget-container\">\n\t\t\t\t\t\t\t\t\t<p><\/p>\n<h2>\u00dcber uns<\/h2>\n<p>Kirchw\u00e4rder (ve). Christine Bichowski hat zum 1. April die W\u00e4scherei von J\u00fcrgen Rawe \u00fcbernommen, die seit etwa 1920 als Familienbetrieb in Howe existiert. Rawe: \u201eDas genaue Gr\u00fcndungsdatum wissen wir nicht. Meine Mutter musste noch als Kind die W\u00e4sche vor der Schule zur Bahn bringen, wo sie dann sortiert oder abholen musste. Inzwischen wurde sie in der W\u00e4scherei Sicht in Lohbr\u00fcgge gewaschen. Bei uns wurden die St\u00fccke dann geb\u00fcgelt.\u201c<\/p>\n<p>1956 \u00fcbernahm J\u00fcrgen Rawe den Betrieb, stellte Waschmaschinen auf. Doch sie mussten 1966 wegen Abwasser-Problemen stillsetzen, 25 Jahre bildete ein Getr\u00e4nke-Vertrieb das zweite Standbein. Als er das Howe Grundst\u00fccke 1984 aus Druckserei angeschlossen wurde, konnte Familie Rawe in Howe wieder selbst f\u00fcr die Kunden waschen.<\/p>\n<p>J\u00fcrgen und Marga Rawe werden in der ersten Zeit noch oft in der W\u00e4scherei anzutreffen sein, um den Kunden den \u00dcbergang zu erleichtern. Christine Bichowski hat Speditionskauffrau gelernt, betreibt seit 1995 in Harburg zwei Waschcenter. In Altengamme, Horster Damm hat sie eine Annahmestelle f\u00fcr W\u00e4scherei und Reinigung. \u201eHier in Howe wird nat\u00fcrlich auch weiter gewaschen\u201c, versprach sie.<\/p>\n<p>Die W\u00e4scherei Altengamme ist ein traditionsreiches Familienunternehmen, das seit 1920 f\u00fcr h\u00f6chste Qualit\u00e4t und pers\u00f6nlichen Service steht. Seit Generationen k\u00fcmmern wir uns mit Sorgfalt und Hingabe um die Textilien unserer Kunden &#8211; modern, zuverl\u00e4ssig und nachhaltig.\u00a0\u00a0<\/p>\n<p>Warum wir?<br \/>\u2022 Pers\u00f6nlicher Service &amp; individuelle Beratung<br \/>\u2022 Umweltfreundliche Reinigungsmittel<br \/>\u2022 Transparente Preise &amp; faire Abwicklung<br \/>\u2022 Familienbetrieb mit Herz<\/p>\n<p><\/p>\n<p><\/p>\t\t\t\t\t\t\t\t<\/div>\n\t\t\t\t<\/div>\n\t\t\t\t\t<\/div>\n\t\t\t\t<\/div>\n\t\t<div class=\"elementor-element elementor-element-416119d e-grid e-con-boxed e-con e-parent\" data-id=\"416119d\" data-element_type=\"container\" data-e-type=\"container\" data-settings=\"{&quot;background_background&quot;:&quot;classic&quot;}\">\n\t\t\t\t\t<div class=\"e-con-inner\">\n\t\t\t\t<div class=\"elementor-element elementor-element-63efbc7 elementor-widget elementor-widget-image\" data-id=\"63efbc7\" data-element_type=\"widget\" data-e-type=\"widget\" data-widget_type=\"image.default\">\n\t\t\t\t<div class=\"elementor-widget-container\">\n\t\t\t\t\t\t\t\t\t\t\t\t\t\t\t<img fetchpriority=\"high\" decoding=\"async\" width=\"800\" height=\"600\" src=\"https:\/\/waescherei-altengamme.de\/wp-content\/uploads\/2025\/05\/WhatsApp-Bild-2025-05-14-um-09.06.19_662f59ce-1024x768.jpg\" class=\"attachment-large size-large wp-image-226\" alt=\"\" srcset=\"https:\/\/waescherei-altengamme.de\/wp-content\/uploads\/2025\/05\/WhatsApp-Bild-2025-05-14-um-09.06.19_662f59ce-1024x768.jpg 1024w, https:\/\/waescherei-altengamme.de\/wp-content\/uploads\/2025\/05\/WhatsApp-Bild-2025-05-14-um-09.06.19_662f59ce-300x225.jpg 300w, https:\/\/waescherei-altengamme.de\/wp-content\/uploads\/2025\/05\/WhatsApp-Bild-2025-05-14-um-09.06.19_662f59ce-768x576.jpg 768w, https:\/\/waescherei-altengamme.de\/wp-content\/uploads\/2025\/05\/WhatsApp-Bild-2025-05-14-um-09.06.19_662f59ce-1536x1152.jpg 1536w, https:\/\/waescherei-altengamme.de\/wp-content\/uploads\/2025\/05\/WhatsApp-Bild-2025-05-14-um-09.06.19_662f59ce.jpg 2048w\" sizes=\"(max-width: 800px) 100vw, 800px\" \/>\t\t\t\t\t\t\t\t\t\t\t\t\t\t\t<\/div>\n\t\t\t\t<\/div>\n\t\t\t\t<div class=\"elementor-element elementor-element-1511f23 elementor-widget elementor-widget-image\" data-id=\"1511f23\" data-element_type=\"widget\" data-e-type=\"widget\" data-widget_type=\"image.default\">\n\t\t\t\t<div class=\"elementor-widget-container\">\n\t\t\t\t\t\t\t\t\t\t\t\t\t\t\t<img decoding=\"async\" width=\"800\" height=\"600\" src=\"https:\/\/waescherei-altengamme.de\/wp-content\/uploads\/2025\/05\/WhatsApp-Bild-2025-05-14-um-09.06.19_3ec141e0-1024x768.jpg\" class=\"attachment-large size-large wp-image-227\" alt=\"\" srcset=\"https:\/\/waescherei-altengamme.de\/wp-content\/uploads\/2025\/05\/WhatsApp-Bild-2025-05-14-um-09.06.19_3ec141e0-1024x768.jpg 1024w, https:\/\/waescherei-altengamme.de\/wp-content\/uploads\/2025\/05\/WhatsApp-Bild-2025-05-14-um-09.06.19_3ec141e0-300x225.jpg 300w, https:\/\/waescherei-altengamme.de\/wp-content\/uploads\/2025\/05\/WhatsApp-Bild-2025-05-14-um-09.06.19_3ec141e0-768x576.jpg 768w, https:\/\/waescherei-altengamme.de\/wp-content\/uploads\/2025\/05\/WhatsApp-Bild-2025-05-14-um-09.06.19_3ec141e0-1536x1152.jpg 1536w, https:\/\/waescherei-altengamme.de\/wp-content\/uploads\/2025\/05\/WhatsApp-Bild-2025-05-14-um-09.06.19_3ec141e0.jpg 2048w\" sizes=\"(max-width: 800px) 100vw, 800px\" \/>\t\t\t\t\t\t\t\t\t\t\t\t\t\t\t<\/div>\n\t\t\t\t<\/div>\n\t\t\t\t\t<\/div>\n\t\t\t\t<\/div>\n\t\t\t\t<\/div>\n\t\t","protected":false},"excerpt":{"rendered":"<p>\u00dcber uns Kirchw\u00e4rder (ve). Christine Bichowski hat zum 1. April die W\u00e4scherei von J\u00fcrgen Rawe \u00fcbernommen, die seit etwa 1920 als Familienbetrieb in Howe existiert. Rawe: \u201eDas genaue Gr\u00fcndungsdatum wissen wir nicht. Meine Mutter musste noch als Kind die W\u00e4sche vor der Schule zur Bahn bringen, wo sie dann sortiert oder abholen musste. Inzwischen wurde [&hellip;]<\/p>\n","protected":false},"author":1,"featured_media":0,"parent":0,"menu_order":0,"comment_status":"closed","ping_status":"closed","template":"","meta":{"footnotes":""},"class_list":["post-14","page","type-page","status-publish","hentry"],"_links":{"self":[{"href":"https:\/\/waescherei-altengamme.de\/index.php?rest_route=\/wp\/v2\/pages\/14","targetHints":{"allow":["GET"]}}],"collection":[{"href":"https:\/\/waescherei-altengamme.de\/index.php?rest_route=\/wp\/v2\/pages"}],"about":[{"href":"https:\/\/waescherei-altengamme.de\/index.php?rest_route=\/wp\/v2\/types\/page"}],"author":[{"embeddable":true,"href":"https:\/\/waescherei-altengamme.de\/index.php?rest_route=\/wp\/v2\/users\/1"}],"replies":[{"embeddable":true,"href":"https:\/\/waescherei-altengamme.de\/index.php?rest_route=%2Fwp%2Fv2%2Fcomments&post=14"}],"version-history":[{"count":18,"href":"https:\/\/waescherei-altengamme.de\/index.php?rest_route=\/wp\/v2\/pages\/14\/revisions"}],"predecessor-version":[{"id":230,"href":"https:\/\/waescherei-altengamme.de\/index.php?rest_route=\/wp\/v2\/pages\/14\/revisions\/230"}],"wp:attachment":[{"href":"https:\/\/waescherei-altengamme.de\/index.php?rest_route=%2Fwp%2Fv2%2Fmedia&parent=14"}],"curies":[{"name":"wp","href":"https:\/\/api.w.org\/{rel}","templated":true}]}}