{"id":61,"date":"2025-04-24T16:22:16","date_gmt":"2025-04-24T16:22:16","guid":{"rendered":"https:\/\/waescherei-altengamme.de\/?page_id=61"},"modified":"2025-05-10T13:23:24","modified_gmt":"2025-05-10T13:23:24","slug":"startseite","status":"publish","type":"page","link":"https:\/\/waescherei-altengamme.de\/","title":{"rendered":"Startseite"},"content":{"rendered":"\t\t<div data-elementor-type=\"wp-page\" data-elementor-id=\"61\" class=\"elementor elementor-61\">\n\t\t\t\t<div class=\"elementor-element elementor-element-7907158 e-flex e-con-boxed e-con e-parent\" data-id=\"7907158\" data-element_type=\"container\" data-e-type=\"container\" data-settings=\"{&quot;background_background&quot;:&quot;gradient&quot;}\">\n\t\t\t\t\t<div class=\"e-con-inner\">\n\t\t\t\t<div class=\"elementor-element elementor-element-4b65582 elementor-arrows-position-inside elementor-pagination-position-outside elementor-widget elementor-widget-image-carousel\" data-id=\"4b65582\" data-element_type=\"widget\" data-e-type=\"widget\" data-settings=\"{&quot;navigation&quot;:&quot;both&quot;,&quot;autoplay&quot;:&quot;yes&quot;,&quot;pause_on_hover&quot;:&quot;yes&quot;,&quot;pause_on_interaction&quot;:&quot;yes&quot;,&quot;autoplay_speed&quot;:5000,&quot;infinite&quot;:&quot;yes&quot;,&quot;speed&quot;:500}\" data-widget_type=\"image-carousel.default\">\n\t\t\t\t<div class=\"elementor-widget-container\">\n\t\t\t\t\t\t\t<div class=\"elementor-image-carousel-wrapper swiper\" role=\"region\" aria-roledescription=\"carousel\" aria-label=\"Bild Karussell\" dir=\"ltr\">\n\t\t\t<div class=\"elementor-image-carousel swiper-wrapper\" aria-live=\"off\">\n\t\t\t\t\t\t\t\t<div class=\"swiper-slide\" role=\"group\" aria-roledescription=\"slide\" aria-label=\"1 von 7\"><figure class=\"swiper-slide-inner\"><img decoding=\"async\" class=\"swiper-slide-image\" src=\"https:\/\/waescherei-altengamme.de\/wp-content\/uploads\/2025\/04\/man-is-shouldering-carpet-scaled.jpg\" alt=\"man-is-shouldering-carpet\" \/><\/figure><\/div><div class=\"swiper-slide\" role=\"group\" aria-roledescription=\"slide\" aria-label=\"2 von 7\"><figure class=\"swiper-slide-inner\"><img decoding=\"async\" class=\"swiper-slide-image\" src=\"https:\/\/waescherei-altengamme.de\/wp-content\/uploads\/2025\/04\/taking-pullover-from-dry-cleaning-scaled.jpg\" alt=\"Dry-cleaning service worker giving clean folded pullover to client\" \/><\/figure><\/div><div class=\"swiper-slide\" role=\"group\" aria-roledescription=\"slide\" aria-label=\"3 von 7\"><figure class=\"swiper-slide-inner\"><img decoding=\"async\" class=\"swiper-slide-image\" src=\"https:\/\/waescherei-altengamme.de\/wp-content\/uploads\/2025\/04\/portrait-laundry-worker-background-clothes-hangers-dry-cleaning-1-scaled.jpg\" alt=\"Portrait of a laundry worker on the background of clothes on hangers in dry cleaning\" \/><\/figure><\/div><div class=\"swiper-slide\" role=\"group\" aria-roledescription=\"slide\" aria-label=\"4 von 7\"><figure class=\"swiper-slide-inner\"><img decoding=\"async\" class=\"swiper-slide-image\" src=\"https:\/\/waescherei-altengamme.de\/wp-content\/uploads\/2025\/04\/woman-with-iron-working-ironing-shop-cleaning-services-scaled.jpg\" alt=\"Woman with iron working at ironing shop. Cleaning services.\" \/><\/figure><\/div><div class=\"swiper-slide\" role=\"group\" aria-roledescription=\"slide\" aria-label=\"5 von 7\"><figure class=\"swiper-slide-inner\"><img decoding=\"async\" class=\"swiper-slide-image\" src=\"https:\/\/waescherei-altengamme.de\/wp-content\/uploads\/2025\/04\/arafed-laundry-machines-factory-with-white-shirts-stacked-floor-generative-ai-scaled.jpg\" alt=\"arafed-laundry-machines-factory-with-white-shirts-stacked-floor-generative-ai\" \/><\/figure><\/div><div class=\"swiper-slide\" role=\"group\" aria-roledescription=\"slide\" aria-label=\"6 von 7\"><figure class=\"swiper-slide-inner\"><img decoding=\"async\" class=\"swiper-slide-image\" src=\"https:\/\/waescherei-altengamme.de\/wp-content\/uploads\/2025\/04\/washed-ironed-linen-scaled.jpg\" alt=\"washed-ironed-linen\" \/><\/figure><\/div><div class=\"swiper-slide\" role=\"group\" aria-roledescription=\"slide\" aria-label=\"7 von 7\"><figure class=\"swiper-slide-inner\"><img decoding=\"async\" class=\"swiper-slide-image\" src=\"https:\/\/waescherei-altengamme.de\/wp-content\/uploads\/2025\/04\/portrait-laundry-worker-background-clothes-hangers-dry-cleaning-scaled.jpg\" alt=\"Portrait of a laundry worker on the background of clothes on hangers in dry cleaning\" \/><\/figure><\/div>\t\t\t<\/div>\n\t\t\t\t\t\t\t\t\t\t\t\t<div class=\"elementor-swiper-button elementor-swiper-button-prev\" role=\"button\" tabindex=\"0\">\n\t\t\t\t\t\t<svg aria-hidden=\"true\" class=\"e-font-icon-svg e-eicon-chevron-left\" viewBox=\"0 0 1000 1000\" xmlns=\"http:\/\/www.w3.org\/2000\/svg\"><path d=\"M646 125C629 125 613 133 604 142L308 442C296 454 292 471 292 487 292 504 296 521 308 533L604 854C617 867 629 875 646 875 663 875 679 871 692 858 704 846 713 829 713 812 713 796 708 779 692 767L438 487 692 225C700 217 708 204 708 187 708 171 704 154 692 142 675 129 663 125 646 125Z\"><\/path><\/svg>\t\t\t\t\t<\/div>\n\t\t\t\t\t<div class=\"elementor-swiper-button elementor-swiper-button-next\" role=\"button\" tabindex=\"0\">\n\t\t\t\t\t\t<svg aria-hidden=\"true\" class=\"e-font-icon-svg e-eicon-chevron-right\" viewBox=\"0 0 1000 1000\" xmlns=\"http:\/\/www.w3.org\/2000\/svg\"><path d=\"M696 533C708 521 713 504 713 487 713 471 708 454 696 446L400 146C388 133 375 125 354 125 338 125 325 129 313 142 300 154 292 171 292 187 292 204 296 221 308 233L563 492 304 771C292 783 288 800 288 817 288 833 296 850 308 863 321 871 338 875 354 875 371 875 388 867 400 854L696 533Z\"><\/path><\/svg>\t\t\t\t\t<\/div>\n\t\t\t\t\n\t\t\t\t\t\t\t\t\t<div class=\"swiper-pagination\"><\/div>\n\t\t\t\t\t\t\t\t\t<\/div>\n\t\t\t\t\t\t<\/div>\n\t\t\t\t<\/div>\n\t\t\t\t<div class=\"elementor-element elementor-element-34fb4e6 elementor-widget elementor-widget-heading\" data-id=\"34fb4e6\" data-element_type=\"widget\" data-e-type=\"widget\" id=\"leistungen\" data-widget_type=\"heading.default\">\n\t\t\t\t<div class=\"elementor-widget-container\">\n\t\t\t\t\t<h2 class=\"elementor-heading-title elementor-size-default\">Unsere Leistungen<\/h2>\t\t\t\t<\/div>\n\t\t\t\t<\/div>\n\t\t<div class=\"elementor-element elementor-element-5fa0666 e-grid e-con-full e-con e-child\" data-id=\"5fa0666\" data-element_type=\"container\" data-e-type=\"container\">\n\t\t\t\t<div class=\"elementor-element elementor-element-80cd3d6 elementor-widget elementor-widget-text-editor\" data-id=\"80cd3d6\" data-element_type=\"widget\" data-e-type=\"widget\" data-widget_type=\"text-editor.default\">\n\t\t\t\t<div class=\"elementor-widget-container\">\n\t\t\t\t\t\t\t\t\t<h3>Hemdenservice<\/h3><p>Hemden perfekt gewaschen, geb\u00fcgelt und gefaltet &#8211; bereitet f\u00fcrs B\u00fcro oder den Alltag.<\/p><p><img fetchpriority=\"high\" decoding=\"async\" class=\"alignnone wp-image-130 size-large\" src=\"https:\/\/waescherei-altengamme.de\/wp-content\/uploads\/2025\/04\/portrait-laundry-worker-background-clothes-hangers-dry-cleaning-1-1024x683.jpg\" alt=\"\" width=\"800\" height=\"534\" srcset=\"https:\/\/waescherei-altengamme.de\/wp-content\/uploads\/2025\/04\/portrait-laundry-worker-background-clothes-hangers-dry-cleaning-1-1024x683.jpg 1024w, https:\/\/waescherei-altengamme.de\/wp-content\/uploads\/2025\/04\/portrait-laundry-worker-background-clothes-hangers-dry-cleaning-1-300x200.jpg 300w, https:\/\/waescherei-altengamme.de\/wp-content\/uploads\/2025\/04\/portrait-laundry-worker-background-clothes-hangers-dry-cleaning-1-768x512.jpg 768w, https:\/\/waescherei-altengamme.de\/wp-content\/uploads\/2025\/04\/portrait-laundry-worker-background-clothes-hangers-dry-cleaning-1-1536x1024.jpg 1536w, https:\/\/waescherei-altengamme.de\/wp-content\/uploads\/2025\/04\/portrait-laundry-worker-background-clothes-hangers-dry-cleaning-1-2048x1365.jpg 2048w\" sizes=\"(max-width: 800px) 100vw, 800px\" \/><\/p>\t\t\t\t\t\t\t\t<\/div>\n\t\t\t\t<\/div>\n\t\t\t\t<div class=\"elementor-element elementor-element-5f580d3 elementor-widget elementor-widget-text-editor\" data-id=\"5f580d3\" data-element_type=\"widget\" data-e-type=\"widget\" data-widget_type=\"text-editor.default\">\n\t\t\t\t<div class=\"elementor-widget-container\">\n\t\t\t\t\t\t\t\t\t<h3>Textilreinigung<\/h3><p>Schonende Reinigung von empfindlichen Stoffen und spezieller Bekleidung<\/p><p><img decoding=\"async\" class=\"wp-image-126 size-large\" src=\"https:\/\/waescherei-altengamme.de\/wp-content\/uploads\/2025\/04\/portrait-laundry-worker-background-clothes-hangers-dry-cleaning-3-1024x683.jpg\" alt=\"\" width=\"800\" height=\"534\" srcset=\"https:\/\/waescherei-altengamme.de\/wp-content\/uploads\/2025\/04\/portrait-laundry-worker-background-clothes-hangers-dry-cleaning-3-1024x683.jpg 1024w, https:\/\/waescherei-altengamme.de\/wp-content\/uploads\/2025\/04\/portrait-laundry-worker-background-clothes-hangers-dry-cleaning-3-300x200.jpg 300w, https:\/\/waescherei-altengamme.de\/wp-content\/uploads\/2025\/04\/portrait-laundry-worker-background-clothes-hangers-dry-cleaning-3-768x512.jpg 768w, https:\/\/waescherei-altengamme.de\/wp-content\/uploads\/2025\/04\/portrait-laundry-worker-background-clothes-hangers-dry-cleaning-3-1536x1024.jpg 1536w, https:\/\/waescherei-altengamme.de\/wp-content\/uploads\/2025\/04\/portrait-laundry-worker-background-clothes-hangers-dry-cleaning-3-2048x1365.jpg 2048w\" sizes=\"(max-width: 800px) 100vw, 800px\" \/><\/p>\t\t\t\t\t\t\t\t<\/div>\n\t\t\t\t<\/div>\n\t\t\t\t<div class=\"elementor-element elementor-element-7f6f2f3 elementor-widget elementor-widget-text-editor\" data-id=\"7f6f2f3\" data-element_type=\"widget\" data-e-type=\"widget\" data-widget_type=\"text-editor.default\">\n\t\t\t\t<div class=\"elementor-widget-container\">\n\t\t\t\t\t\t\t\t\t<h3>Bettw\u00e4sche &amp; Tischw\u00e4sche<\/h3><p>F\u00fcr Hotels, Pensionen oder private Haushalte\u00a0 \u00a0 \u00a0 \u00a0 \u00a0 \u00a0 \u00a0\u00a0<\/p><p><img decoding=\"async\" class=\"alignnone wp-image-133 size-large\" src=\"https:\/\/waescherei-altengamme.de\/wp-content\/uploads\/2025\/04\/arafed-laundry-machines-factory-with-white-shirts-stacked-floor-generative-ai-1024x683.jpg\" alt=\"\" width=\"800\" height=\"534\" srcset=\"https:\/\/waescherei-altengamme.de\/wp-content\/uploads\/2025\/04\/arafed-laundry-machines-factory-with-white-shirts-stacked-floor-generative-ai-1024x683.jpg 1024w, https:\/\/waescherei-altengamme.de\/wp-content\/uploads\/2025\/04\/arafed-laundry-machines-factory-with-white-shirts-stacked-floor-generative-ai-300x200.jpg 300w, https:\/\/waescherei-altengamme.de\/wp-content\/uploads\/2025\/04\/arafed-laundry-machines-factory-with-white-shirts-stacked-floor-generative-ai-768x512.jpg 768w, https:\/\/waescherei-altengamme.de\/wp-content\/uploads\/2025\/04\/arafed-laundry-machines-factory-with-white-shirts-stacked-floor-generative-ai-1536x1024.jpg 1536w, https:\/\/waescherei-altengamme.de\/wp-content\/uploads\/2025\/04\/arafed-laundry-machines-factory-with-white-shirts-stacked-floor-generative-ai-2048x1365.jpg 2048w\" sizes=\"(max-width: 800px) 100vw, 800px\" \/><\/p>\t\t\t\t\t\t\t\t<\/div>\n\t\t\t\t<\/div>\n\t\t\t\t<div class=\"elementor-element elementor-element-4a145aa elementor-widget elementor-widget-text-editor\" data-id=\"4a145aa\" data-element_type=\"widget\" data-e-type=\"widget\" data-widget_type=\"text-editor.default\">\n\t\t\t\t<div class=\"elementor-widget-container\">\n\t\t\t\t\t\t\t\t\t<h3>Gardinen- &amp; Vorhangservice<\/h3><p>Abnehmen, Reinigen, Aufh\u00e4ngen\u00a0 \u00a0 \u00a0 \u00a0 \u00a0 \u00a0 \u00a0 \u00a0 \u00a0 \u00a0 \u00a0 \u00a0 \u00a0 \u00a0 \u00a0 \u00a0\u00a0<\/p><p><img loading=\"lazy\" decoding=\"async\" class=\"wp-image-136 size-large\" src=\"https:\/\/waescherei-altengamme.de\/wp-content\/uploads\/2025\/04\/designer-is-correcting-folds-white-transparent-light-tulle-1024x683.jpg\" alt=\"\" width=\"800\" height=\"534\" srcset=\"https:\/\/waescherei-altengamme.de\/wp-content\/uploads\/2025\/04\/designer-is-correcting-folds-white-transparent-light-tulle-1024x683.jpg 1024w, https:\/\/waescherei-altengamme.de\/wp-content\/uploads\/2025\/04\/designer-is-correcting-folds-white-transparent-light-tulle-300x200.jpg 300w, https:\/\/waescherei-altengamme.de\/wp-content\/uploads\/2025\/04\/designer-is-correcting-folds-white-transparent-light-tulle-768x512.jpg 768w, https:\/\/waescherei-altengamme.de\/wp-content\/uploads\/2025\/04\/designer-is-correcting-folds-white-transparent-light-tulle-1536x1024.jpg 1536w, https:\/\/waescherei-altengamme.de\/wp-content\/uploads\/2025\/04\/designer-is-correcting-folds-white-transparent-light-tulle-2048x1365.jpg 2048w\" sizes=\"(max-width: 800px) 100vw, 800px\" \/><\/p>\t\t\t\t\t\t\t\t<\/div>\n\t\t\t\t<\/div>\n\t\t\t\t<div class=\"elementor-element elementor-element-67789f3 elementor-widget elementor-widget-text-editor\" data-id=\"67789f3\" data-element_type=\"widget\" data-e-type=\"widget\" data-widget_type=\"text-editor.default\">\n\t\t\t\t<div class=\"elementor-widget-container\">\n\t\t\t\t\t\t\t\t\t<h3>Abhol- und Lieferservice<\/h3><p>Bequemer Hol- und Bringdienst. Wir kommen zu Ihnen nach Hause oder ins B\u00fcro.<\/p><p><img loading=\"lazy\" decoding=\"async\" class=\"wp-image-137 size-large\" src=\"https:\/\/waescherei-altengamme.de\/wp-content\/uploads\/2025\/04\/taking-pullover-from-dry-cleaning-1024x683.jpg\" alt=\"\" width=\"800\" height=\"534\" srcset=\"https:\/\/waescherei-altengamme.de\/wp-content\/uploads\/2025\/04\/taking-pullover-from-dry-cleaning-1024x683.jpg 1024w, https:\/\/waescherei-altengamme.de\/wp-content\/uploads\/2025\/04\/taking-pullover-from-dry-cleaning-300x200.jpg 300w, https:\/\/waescherei-altengamme.de\/wp-content\/uploads\/2025\/04\/taking-pullover-from-dry-cleaning-768x512.jpg 768w, https:\/\/waescherei-altengamme.de\/wp-content\/uploads\/2025\/04\/taking-pullover-from-dry-cleaning-1536x1024.jpg 1536w, https:\/\/waescherei-altengamme.de\/wp-content\/uploads\/2025\/04\/taking-pullover-from-dry-cleaning-2048x1365.jpg 2048w\" sizes=\"(max-width: 800px) 100vw, 800px\" \/><\/p>\t\t\t\t\t\t\t\t<\/div>\n\t\t\t\t<\/div>\n\t\t\t\t<div class=\"elementor-element elementor-element-5f850b2 elementor-widget elementor-widget-text-editor\" data-id=\"5f850b2\" data-element_type=\"widget\" data-e-type=\"widget\" data-widget_type=\"text-editor.default\">\n\t\t\t\t<div class=\"elementor-widget-container\">\n\t\t\t\t\t\t\t\t\t<h3>Teppichreinigung<\/h3><p>Bequemer Hol- und Bringdienst. Wir kommen zu Ihnen nach Hause oder ins B\u00fcro.<\/p><p><img loading=\"lazy\" decoding=\"async\" class=\"alignnone wp-image-138 size-large\" src=\"https:\/\/waescherei-altengamme.de\/wp-content\/uploads\/2025\/04\/man-is-shouldering-carpet-1024x684.jpg\" alt=\"\" width=\"800\" height=\"534\" srcset=\"https:\/\/waescherei-altengamme.de\/wp-content\/uploads\/2025\/04\/man-is-shouldering-carpet-1024x684.jpg 1024w, https:\/\/waescherei-altengamme.de\/wp-content\/uploads\/2025\/04\/man-is-shouldering-carpet-300x200.jpg 300w, https:\/\/waescherei-altengamme.de\/wp-content\/uploads\/2025\/04\/man-is-shouldering-carpet-768x513.jpg 768w, https:\/\/waescherei-altengamme.de\/wp-content\/uploads\/2025\/04\/man-is-shouldering-carpet-1536x1025.jpg 1536w, https:\/\/waescherei-altengamme.de\/wp-content\/uploads\/2025\/04\/man-is-shouldering-carpet-2048x1367.jpg 2048w\" sizes=\"(max-width: 800px) 100vw, 800px\" \/><\/p>\t\t\t\t\t\t\t\t<\/div>\n\t\t\t\t<\/div>\n\t\t\t\t<\/div>\n\t\t\t\t\t<\/div>\n\t\t\t\t<\/div>\n\t\t<div class=\"elementor-element elementor-element-4ef11c6 e-flex e-con-boxed e-con e-parent\" data-id=\"4ef11c6\" data-element_type=\"container\" data-e-type=\"container\">\n\t\t\t\t\t<div class=\"e-con-inner\">\n\t\t\t\t\t<\/div>\n\t\t\t\t<\/div>\n\t\t\t\t<\/div>\n\t\t","protected":false},"excerpt":{"rendered":"<p>Unsere Leistungen Hemdenservice Hemden perfekt gewaschen, geb\u00fcgelt und gefaltet &#8211; bereitet f\u00fcrs B\u00fcro oder den Alltag. Textilreinigung Schonende Reinigung von empfindlichen Stoffen und spezieller Bekleidung Bettw\u00e4sche &amp; Tischw\u00e4sche F\u00fcr Hotels, Pensionen oder private Haushalte\u00a0 \u00a0 \u00a0 \u00a0 \u00a0 \u00a0 \u00a0\u00a0 Gardinen- &amp; Vorhangservice Abnehmen, Reinigen, Aufh\u00e4ngen\u00a0 \u00a0 \u00a0 \u00a0 \u00a0 \u00a0 \u00a0 \u00a0 \u00a0 \u00a0 [&hellip;]<\/p>\n","protected":false},"author":1,"featured_media":0,"parent":0,"menu_order":0,"comment_status":"closed","ping_status":"closed","template":"elementor_header_footer","meta":{"footnotes":""},"class_list":["post-61","page","type-page","status-publish","hentry"],"_links":{"self":[{"href":"https:\/\/waescherei-altengamme.de\/index.php?rest_route=\/wp\/v2\/pages\/61","targetHints":{"allow":["GET"]}}],"collection":[{"href":"https:\/\/waescherei-altengamme.de\/index.php?rest_route=\/wp\/v2\/pages"}],"about":[{"href":"https:\/\/waescherei-altengamme.de\/index.php?rest_route=\/wp\/v2\/types\/page"}],"author":[{"embeddable":true,"href":"https:\/\/waescherei-altengamme.de\/index.php?rest_route=\/wp\/v2\/users\/1"}],"replies":[{"embeddable":true,"href":"https:\/\/waescherei-altengamme.de\/index.php?rest_route=%2Fwp%2Fv2%2Fcomments&post=61"}],"version-history":[{"count":31,"href":"https:\/\/waescherei-altengamme.de\/index.php?rest_route=\/wp\/v2\/pages\/61\/revisions"}],"predecessor-version":[{"id":169,"href":"https:\/\/waescherei-altengamme.de\/index.php?rest_route=\/wp\/v2\/pages\/61\/revisions\/169"}],"wp:attachment":[{"href":"https:\/\/waescherei-altengamme.de\/index.php?rest_route=%2Fwp%2Fv2%2Fmedia&parent=61"}],"curies":[{"name":"wp","href":"https:\/\/api.w.org\/{rel}","templated":true}]}}